{"id":30,"date":"2023-12-06T13:51:15","date_gmt":"2023-12-06T06:51:15","guid":{"rendered":"http:\/\/niccons.nbcuong.com\/?page_id=30"},"modified":"2024-12-10T17:30:45","modified_gmt":"2024-12-10T10:30:45","slug":"lien-he","status":"publish","type":"page","link":"https:\/\/nicconsvn.com\/ja\/lien-he\/","title":{"rendered":"Li\u00ean h\u1ec7"},"content":{"rendered":"<section class=\"section\" id=\"section_287542735\">\n\t\t<div class=\"section-bg fill\" >\n\t\t\t\t\t\t\t\t\t\n\t\t\t\n\n\t\t<\/div>\n\n\t\t\n\n\t\t<div class=\"section-content relative\">\n\t\t\t\n<div class=\"row row-large\"  id=\"row-298074237\">\n\n\t<div id=\"col-536127145\" class=\"col medium-6 small-12 large-6\"  >\n\t\t\t\t<div class=\"col-inner\"  >\n\t\t\t\n\t\t\t\n\t<div id=\"text-2806600044\" class=\"text box_contact\">\n\t\t\n<p><b>Email<\/b><\/p>\n<ul>\n<li><strong>nicconssekkei@gmail.com<\/strong><\/li>\n<\/ul>\n\t\t\t<\/div>\n\t\n\t<div id=\"text-2247076798\" class=\"text box_contact\">\n\t\t\n<p><strong>Hotline<\/strong><\/p>\n<ul>\n<li><strong> (+84) 33 879 0110<\/strong><\/li>\n<\/ul>\n\t\t\t<\/div>\n\t\n\t<div id=\"text-1733909590\" class=\"text box_contact\">\n\t\t\n<p><b>\u0110i\u0323a chi\u0309<\/b><\/p>\n<ul>\n<li><strong>Ph\u00f2ng 304 &#8211; Chung c\u01b0 C1, \u0111\u01b0\u1eddng H\u1ed3 Xu\u00e2n H\u01b0\u01a1ng, qu\u1eadn Thanh S\u01a1n, TP Phan Rang, t\u1ec9nh Ninh Thu\u1eadn<\/strong><\/li>\n<\/ul>\n\t\t\t<\/div>\n\t\n\t\t<\/div>\n\t\t\t\t\t<\/div>\n\n\t\n\n\t<div id=\"col-1223903729\" class=\"col medium-6 small-12 large-6\"  >\n\t\t\t\t<div class=\"col-inner\"  >\n\t\t\t\n\t\t\t\n\t<div id=\"text-3464611510\" class=\"text segtitle\">\n\t\t\n<h2>Li\u00ean h\u1ec7 v\u1edbi ch\u00fang t\u00f4i<\/h2>\n<p>N\u1ebfu c\u00f3 b\u1ea5t k\u1ef3 v\u01b0\u1edbng m\u1eafc n\u00e0o, h\u00e3y li\u00ean h\u1ec7 v\u1edbi ch\u00fang t\u00f4i \u0111\u1ec3 \u0111\u01b0\u1ee3c t\u01b0 v\u1ea5n v\u00e0 h\u1ed7 tr\u1ee3 s\u1edbm nh\u1ea5t<\/p>\n\t\t\n<style>\n#text-3464611510 {\n  text-align: center;\n}\n<\/style>\n\t<\/div>\n\t\n\n<div class=\"wpcf7 no-js\" id=\"wpcf7-f449-o1\" lang=\"vi\" dir=\"ltr\" data-wpcf7-id=\"449\">\n<div class=\"screen-reader-response\"><p role=\"status\" aria-live=\"polite\" aria-atomic=\"true\"><\/p> <ul><\/ul><\/div>\n<form action=\"\/ja\/wp-json\/wp\/v2\/pages\/30#wpcf7-f449-o1\" method=\"post\" class=\"wpcf7-form init\" aria-label=\"Form li\u00ean h\u1ec7\" novalidate=\"novalidate\" data-status=\"init\" data-trp-original-action=\"\/ja\/wp-json\/wp\/v2\/pages\/30#wpcf7-f449-o1\">\n<fieldset class=\"hidden-fields-container\"><input type=\"hidden\" name=\"_wpcf7\" value=\"449\" \/><input type=\"hidden\" name=\"_wpcf7_version\" value=\"6.1.5\" \/><input type=\"hidden\" name=\"_wpcf7_locale\" value=\"vi\" \/><input type=\"hidden\" name=\"_wpcf7_unit_tag\" value=\"wpcf7-f449-o1\" \/><input type=\"hidden\" name=\"_wpcf7_container_post\" value=\"0\" \/><input type=\"hidden\" name=\"_wpcf7_posted_data_hash\" value=\"\" \/>\n<\/fieldset>\n<div class=\"form-contact-2\">\n\t<div class=\"row-one\">\n\t\t<p><span class=\"wpcf7-form-control-wrap\" data-name=\"text-343\"><input size=\"40\" maxlength=\"400\" class=\"wpcf7-form-control wpcf7-text wpcf7-validates-as-required\" aria-required=\"true\" aria-invalid=\"false\" placeholder=\"H\u1ecd v\u00e0 t\u00ean*\" value=\"\" type=\"text\" name=\"text-343\" \/><\/span><br \/>\n<span class=\"wpcf7-form-control-wrap\" data-name=\"tel-929\"><input size=\"40\" maxlength=\"400\" class=\"wpcf7-form-control wpcf7-tel wpcf7-validates-as-required wpcf7-text wpcf7-validates-as-tel\" aria-required=\"true\" aria-invalid=\"false\" placeholder=\"S\u1ed1 \u0111i\u1ec7n tho\u1ea1i*\" value=\"\" type=\"tel\" name=\"tel-929\" \/><\/span><br \/>\n<span class=\"wpcf7-form-control-wrap\" data-name=\"textarea-574\"><textarea cols=\"40\" rows=\"10\" maxlength=\"2000\" class=\"wpcf7-form-control wpcf7-textarea\" aria-invalid=\"false\" placeholder=\"N\u1ed9i dung c\u1ea7n h\u1ed7 tr\u1ee3\" name=\"textarea-574\"><\/textarea><\/span>\n\t\t<\/p>\n\t<\/div>\n<\/div>\n<div class=\"button-submit\">\n\t<p><input class=\"wpcf7-form-control wpcf7-submit has-spinner submit-btn\" type=\"submit\" value=\"G\u1eedi th\u00f4ng tin\" \/>\n\t<\/p>\n<\/div><div class=\"wpcf7-response-output\" aria-hidden=\"true\"><\/div>\n<input type=\"hidden\" name=\"trp-form-language\" value=\"ja\"\/><\/form>\n<\/div>\n\n\t\t<\/div>\n\t\t\t\t\t<\/div>\n\n\t\n<\/div>\n<div class=\"row row-large align-middle align-center\"  id=\"row-345052960\">\n\n\t<div id=\"col-1559364613\" class=\"col medium-6 small-12 large-6\"  >\n\t\t\t\t<div class=\"col-inner\"  >\n\t\t\t\n\t\t\t\n\t<div id=\"text-3306892523\" class=\"text list_icon-contact\">\n\t\t\n<ul>\n<li><img loading=\"lazy\" decoding=\"async\" class=\"alignnone wp-image-325\" src=\"http:\/\/niccons.nbcuong.com\/wp-content\/uploads\/2023\/12\/Link.png\" alt=\"\" width=\"160\" height=\"160\" data-wp-editing=\"1\" srcset=\"https:\/\/nicconsvn.com\/wp-content\/uploads\/2023\/12\/Link.png 160w, https:\/\/nicconsvn.com\/wp-content\/uploads\/2023\/12\/Link-100x100.png 100w, https:\/\/nicconsvn.com\/wp-content\/uploads\/2023\/12\/Link-150x150.png 150w\" sizes=\"auto, (max-width: 160px) 100vw, 160px\" \/><\/li>\n<li><img loading=\"lazy\" decoding=\"async\" class=\"alignnone size-full wp-image-324\" src=\"http:\/\/niccons.nbcuong.com\/wp-content\/uploads\/2023\/12\/Link-1.png\" alt=\"\" width=\"160\" height=\"160\" srcset=\"https:\/\/nicconsvn.com\/wp-content\/uploads\/2023\/12\/Link-1.png 160w, https:\/\/nicconsvn.com\/wp-content\/uploads\/2023\/12\/Link-1-100x100.png 100w, https:\/\/nicconsvn.com\/wp-content\/uploads\/2023\/12\/Link-1-150x150.png 150w\" sizes=\"auto, (max-width: 160px) 100vw, 160px\" \/><\/li>\n<li><img loading=\"lazy\" decoding=\"async\" class=\"alignnone size-full wp-image-323\" src=\"http:\/\/niccons.nbcuong.com\/wp-content\/uploads\/2023\/12\/Link-2.png\" alt=\"\" width=\"160\" height=\"160\" srcset=\"https:\/\/nicconsvn.com\/wp-content\/uploads\/2023\/12\/Link-2.png 160w, https:\/\/nicconsvn.com\/wp-content\/uploads\/2023\/12\/Link-2-100x100.png 100w, https:\/\/nicconsvn.com\/wp-content\/uploads\/2023\/12\/Link-2-150x150.png 150w\" sizes=\"auto, (max-width: 160px) 100vw, 160px\" \/><\/li>\n<li><img loading=\"lazy\" decoding=\"async\" class=\"alignnone size-full wp-image-322\" src=\"http:\/\/niccons.nbcuong.com\/wp-content\/uploads\/2023\/12\/Link-3.png\" alt=\"\" width=\"160\" height=\"160\" srcset=\"https:\/\/nicconsvn.com\/wp-content\/uploads\/2023\/12\/Link-3.png 160w, https:\/\/nicconsvn.com\/wp-content\/uploads\/2023\/12\/Link-3-100x100.png 100w, https:\/\/nicconsvn.com\/wp-content\/uploads\/2023\/12\/Link-3-150x150.png 150w\" sizes=\"auto, (max-width: 160px) 100vw, 160px\" \/><\/li>\n<\/ul>\n\t\t\t<\/div>\n\t\n\t<div id=\"gap-1857082665\" class=\"gap-element clearfix\" style=\"display:block; height:auto;\">\n\t\t\n<style>\n#gap-1857082665 {\n  padding-top: 50px;\n}\n<\/style>\n\t<\/div>\n\t\n\t\t<\/div>\n\t\t\t\t\n<style>\n#col-1559364613 > .col-inner {\n  margin: 0px 0px -50px 0px;\n}\n<\/style>\n\t<\/div>\n\n\t\n\n\t<div id=\"col-655487647\" class=\"col small-12 large-12\"  >\n\t\t\t\t<div class=\"col-inner\"  >\n\t\t\t\n\t\t\t\n\t<div id=\"gap-69273339\" class=\"gap-element clearfix\" style=\"display:block; height:auto;\">\n\t\t\n<style>\n#gap-69273339 {\n  padding-top: 10px;\n}\n<\/style>\n\t<\/div>\n\t\n<p><iframe src=\"https:\/\/www.google.com\/maps\/embed?pb=!1m18!1m12!1m3!1d3908.803116640144!2d108.99120337570976!3d11.565967444133241!2m3!1f0!2f0!3f0!3m2!1i1024!2i768!4f13.1!3m3!1m2!1s0x3170d02bba576e2f%3A0xcfef04e59ee530d5!2zSOG7kyBYdcOibiBIxrDGoW5nLCBUcC4gUGhhbiBSYW5nIC0gVGjDoXAgQ2jDoG0sIE5pbmggVGh14bqtbiwgVmnhu4d0IE5hbQ!5e0!3m2!1svi!2s!4v1733818864349!5m2!1svi!2s\" width=\"100%\" height=\"300\" style=\"border:0;\" allowfullscreen=\"\" loading=\"lazy\" referrerpolicy=\"no-referrer-when-downgrade\"><\/iframe><\/p>\n\t\t<\/div>\n\t\t\t\t\t<\/div>\n\n\t\n<\/div>\n\t\t<\/div>\n\n\t\t\n<style>\n#section_287542735 {\n  padding-top: 30px;\n  padding-bottom: 30px;\n}\n@media (min-width:550px) {\n  #section_287542735 {\n    padding-top: 80px;\n    padding-bottom: 80px;\n  }\n}\n<\/style>\n\t<\/section>","protected":false},"excerpt":{"rendered":"","protected":false},"author":2,"featured_media":0,"parent":0,"menu_order":0,"comment_status":"closed","ping_status":"closed","template":"page-blank.php","meta":{"footnotes":""},"class_list":["post-30","page","type-page","status-publish","hentry"],"_links":{"self":[{"href":"https:\/\/nicconsvn.com\/ja\/wp-json\/wp\/v2\/pages\/30","targetHints":{"allow":["GET"]}}],"collection":[{"href":"https:\/\/nicconsvn.com\/ja\/wp-json\/wp\/v2\/pages"}],"about":[{"href":"https:\/\/nicconsvn.com\/ja\/wp-json\/wp\/v2\/types\/page"}],"author":[{"embeddable":true,"href":"https:\/\/nicconsvn.com\/ja\/wp-json\/wp\/v2\/users\/2"}],"replies":[{"embeddable":true,"href":"https:\/\/nicconsvn.com\/ja\/wp-json\/wp\/v2\/comments?post=30"}],"version-history":[{"count":23,"href":"https:\/\/nicconsvn.com\/ja\/wp-json\/wp\/v2\/pages\/30\/revisions"}],"predecessor-version":[{"id":2151,"href":"https:\/\/nicconsvn.com\/ja\/wp-json\/wp\/v2\/pages\/30\/revisions\/2151"}],"wp:attachment":[{"href":"https:\/\/nicconsvn.com\/ja\/wp-json\/wp\/v2\/media?parent=30"}],"curies":[{"name":"wp","href":"https:\/\/api.w.org\/{rel}","templated":true}]}}